{"id":8523,"date":"2021-05-10T09:57:34","date_gmt":"2021-05-10T07:57:34","guid":{"rendered":"https:\/\/skylinehotel.de\/location-and-directions\/"},"modified":"2024-01-16T14:05:45","modified_gmt":"2024-01-16T13:05:45","slug":"location-and-directions","status":"publish","type":"page","link":"https:\/\/skylinehotel.de\/en\/location-and-directions\/","title":{"rendered":"Location &#038; Directions"},"content":{"rendered":"\t\t<div data-elementor-type=\"wp-page\" data-elementor-id=\"8523\" class=\"elementor elementor-8523 elementor-1680\" data-elementor-post-type=\"page\">\n\t\t\t\t\t\t<section class=\"elementor-section elementor-top-section elementor-element elementor-element-df26b5c elementor-section-stretched elementor-section-content-middle elementor-section-boxed elementor-section-height-default elementor-section-height-default\" data-id=\"df26b5c\" data-element_type=\"section\" data-settings=\"{&quot;stretch_section&quot;:&quot;section-stretched&quot;,&quot;background_background&quot;:&quot;classic&quot;}\">\n\t\t\t\t\t\t\t<div class=\"elementor-background-overlay\"><\/div>\n\t\t\t\t\t\t\t<div class=\"elementor-container elementor-column-gap-default\">\n\t\t\t\t\t<div class=\"elementor-column elementor-col-100 elementor-top-column elementor-element elementor-element-20558a88\" data-id=\"20558a88\" data-element_type=\"column\">\n\t\t\t<div class=\"elementor-widget-wrap elementor-element-populated\">\n\t\t\t\t\t\t<div class=\"elementor-element elementor-element-45cdbdb8 elementor-widget elementor-widget-heading\" data-id=\"45cdbdb8\" data-element_type=\"widget\" data-widget_type=\"heading.default\">\n\t\t\t\t<div class=\"elementor-widget-container\">\n\t\t\t<style>\/*! elementor - v3.19.0 - 29-01-2024 *\/\n.elementor-heading-title{padding:0;margin:0;line-height:1}.elementor-widget-heading .elementor-heading-title[class*=elementor-size-]>a{color:inherit;font-size:inherit;line-height:inherit}.elementor-widget-heading .elementor-heading-title.elementor-size-small{font-size:15px}.elementor-widget-heading .elementor-heading-title.elementor-size-medium{font-size:19px}.elementor-widget-heading .elementor-heading-title.elementor-size-large{font-size:29px}.elementor-widget-heading .elementor-heading-title.elementor-size-xl{font-size:39px}.elementor-widget-heading .elementor-heading-title.elementor-size-xxl{font-size:59px}<\/style><h1 class=\"elementor-heading-title elementor-size-default\">Location & Directions<\/h1>\t\t<\/div>\n\t\t\t\t<\/div>\n\t\t\t\t\t<\/div>\n\t\t<\/div>\n\t\t\t\t\t<\/div>\n\t\t<\/section>\n\t\t\t\t<section class=\"elementor-section elementor-top-section elementor-element elementor-element-2bfe03a5 elementor-section-stretched elementor-section-boxed elementor-section-height-default elementor-section-height-default\" data-id=\"2bfe03a5\" data-element_type=\"section\" data-settings=\"{&quot;stretch_section&quot;:&quot;section-stretched&quot;,&quot;background_background&quot;:&quot;classic&quot;}\">\n\t\t\t\t\t\t<div class=\"elementor-container elementor-column-gap-default\">\n\t\t\t\t\t<div class=\"elementor-column elementor-col-50 elementor-top-column elementor-element elementor-element-623633c1\" data-id=\"623633c1\" data-element_type=\"column\">\n\t\t\t<div class=\"elementor-widget-wrap elementor-element-populated\">\n\t\t\t\t\t\t<div class=\"elementor-element elementor-element-26d0d165 elementor-widget elementor-widget-heading\" data-id=\"26d0d165\" data-element_type=\"widget\" data-widget_type=\"heading.default\">\n\t\t\t\t<div class=\"elementor-widget-container\">\n\t\t\t<p class=\"elementor-heading-title elementor-size-default\">LOCATION & DIRECTIONS<\/p>\t\t<\/div>\n\t\t\t\t<\/div>\n\t\t\t\t<div class=\"elementor-element elementor-element-2fe6f5db elementor-widget elementor-widget-heading\" data-id=\"2fe6f5db\" data-element_type=\"widget\" data-widget_type=\"heading.default\">\n\t\t\t\t<div class=\"elementor-widget-container\">\n\t\t\t<h2 class=\"elementor-heading-title elementor-size-default\">Central location for trade fair guests & Frankfurt visitors<\/h2>\t\t<\/div>\n\t\t\t\t<\/div>\n\t\t\t\t<section class=\"elementor-section elementor-inner-section elementor-element elementor-element-2f23875 elementor-section-full_width elementor-section-height-default elementor-section-height-default\" data-id=\"2f23875\" data-element_type=\"section\">\n\t\t\t\t\t\t<div class=\"elementor-container elementor-column-gap-default\">\n\t\t\t\t\t<div class=\"elementor-column elementor-col-50 elementor-inner-column elementor-element elementor-element-61bb5765\" data-id=\"61bb5765\" data-element_type=\"column\">\n\t\t\t<div class=\"elementor-widget-wrap elementor-element-populated\">\n\t\t\t\t\t\t<div class=\"elementor-element elementor-element-3a1d46f4 elementor-widget elementor-widget-text-editor\" data-id=\"3a1d46f4\" data-element_type=\"widget\" data-widget_type=\"text-editor.default\">\n\t\t\t\t<div class=\"elementor-widget-container\">\n\t\t\t<style>\/*! elementor - v3.19.0 - 29-01-2024 *\/\n.elementor-widget-text-editor.elementor-drop-cap-view-stacked .elementor-drop-cap{background-color:#69727d;color:#fff}.elementor-widget-text-editor.elementor-drop-cap-view-framed .elementor-drop-cap{color:#69727d;border:3px solid;background-color:transparent}.elementor-widget-text-editor:not(.elementor-drop-cap-view-default) .elementor-drop-cap{margin-top:8px}.elementor-widget-text-editor:not(.elementor-drop-cap-view-default) .elementor-drop-cap-letter{width:1em;height:1em}.elementor-widget-text-editor .elementor-drop-cap{float:left;text-align:center;line-height:1;font-size:50px}.elementor-widget-text-editor .elementor-drop-cap-letter{display:inline-block}<\/style>\t\t\t\t<p>Our hotel is located in the immediate vicinity of the <strong>Frankfurt Trade Fair<\/strong> and the <strong>Skyline Plaza shopping mall.<\/strong> The entrance to the trade fair is just 500 meters away on foot, and <strong>Frankfurt Central Station<\/strong> is 750 meters away.<\/p>\n\t\t\t\t\t\t<\/div>\n\t\t\t\t<\/div>\n\t\t\t\t\t<\/div>\n\t\t<\/div>\n\t\t\t\t<div class=\"elementor-column elementor-col-50 elementor-inner-column elementor-element elementor-element-639d11ea\" data-id=\"639d11ea\" data-element_type=\"column\">\n\t\t\t<div class=\"elementor-widget-wrap elementor-element-populated\">\n\t\t\t\t\t\t<div class=\"elementor-element elementor-element-1813e50d elementor-widget elementor-widget-text-editor\" data-id=\"1813e50d\" data-element_type=\"widget\" data-widget_type=\"text-editor.default\">\n\t\t\t\t<div class=\"elementor-widget-container\">\n\t\t\t\t\t\t\t<p>The subway station &#8220;Festhalle\/Messe&#8221; connects you in only 5 minutes with Frankfurt Central Station and in only 8 minutes with the Frankfurt shopping mile &#8220;Zeil&#8221;. You can reach Frankfurt Airport in just 20 minutes.<\/p>\n\t\t\t\t\t\t<\/div>\n\t\t\t\t<\/div>\n\t\t\t\t\t<\/div>\n\t\t<\/div>\n\t\t\t\t\t<\/div>\n\t\t<\/section>\n\t\t\t\t\t<\/div>\n\t\t<\/div>\n\t\t\t\t<div class=\"elementor-column elementor-col-50 elementor-top-column elementor-element elementor-element-7daa58be\" data-id=\"7daa58be\" data-element_type=\"column\" data-settings=\"{&quot;background_background&quot;:&quot;classic&quot;}\">\n\t\t\t<div class=\"elementor-widget-wrap elementor-element-populated\">\n\t\t\t\t\t\t<div class=\"elementor-element elementor-element-7caf7cd2 elementor-widget elementor-widget-google_maps\" data-id=\"7caf7cd2\" data-element_type=\"widget\" data-widget_type=\"google_maps.default\">\n\t\t\t\t<div class=\"elementor-widget-container\">\n\t\t\t<style>\/*! elementor - v3.19.0 - 29-01-2024 *\/\n.elementor-widget-google_maps .elementor-widget-container{overflow:hidden}.elementor-widget-google_maps .elementor-custom-embed{line-height:0}.elementor-widget-google_maps iframe{height:300px}<\/style>\t\t<div class=\"elementor-custom-embed\">\n\t\t\t<iframe loading=\"lazy\"\n\t\t\t\t\tsrc=\"https:\/\/maps.google.com\/maps?q=Hohenstaufenstra%C3%9Fe%201-3%2060327%20Frankfurt%20am%20Main&#038;t=m&#038;z=17&#038;output=embed&#038;iwloc=near\"\n\t\t\t\t\ttitle=\"Hohenstaufenstra\u00dfe 1-3 60327 Frankfurt am Main\"\n\t\t\t\t\taria-label=\"Hohenstaufenstra\u00dfe 1-3 60327 Frankfurt am Main\"\n\t\t\t><\/iframe>\n\t\t<\/div>\n\t\t\t\t<\/div>\n\t\t\t\t<\/div>\n\t\t\t\t\t<\/div>\n\t\t<\/div>\n\t\t\t\t\t<\/div>\n\t\t<\/section>\n\t\t\t\t<section class=\"elementor-section elementor-top-section elementor-element elementor-element-a1b48f2 elementor-section-content-middle elementor-section-stretched elementor-section-boxed elementor-section-height-default elementor-section-height-default\" data-id=\"a1b48f2\" data-element_type=\"section\" id=\"Parkingfacilities\" data-settings=\"{&quot;stretch_section&quot;:&quot;section-stretched&quot;,&quot;background_background&quot;:&quot;classic&quot;}\">\n\t\t\t\t\t\t\t<div class=\"elementor-background-overlay\"><\/div>\n\t\t\t\t\t\t\t<div class=\"elementor-container elementor-column-gap-default\">\n\t\t\t\t\t<div class=\"elementor-column elementor-col-100 elementor-top-column elementor-element elementor-element-10060e2a\" data-id=\"10060e2a\" data-element_type=\"column\">\n\t\t\t<div class=\"elementor-widget-wrap elementor-element-populated\">\n\t\t\t\t\t\t<div class=\"elementor-element elementor-element-86642a6 elementor-widget elementor-widget-toggle\" data-id=\"86642a6\" data-element_type=\"widget\" data-widget_type=\"toggle.default\">\n\t\t\t\t<div class=\"elementor-widget-container\">\n\t\t\t<style>\/*! elementor - v3.19.0 - 29-01-2024 *\/\n.elementor-toggle{text-align:left}.elementor-toggle .elementor-tab-title{font-weight:700;line-height:1;margin:0;padding:15px;border-bottom:1px solid #d5d8dc;cursor:pointer;outline:none}.elementor-toggle .elementor-tab-title .elementor-toggle-icon{display:inline-block;width:1em}.elementor-toggle .elementor-tab-title .elementor-toggle-icon svg{margin-inline-start:-5px;width:1em;height:1em}.elementor-toggle .elementor-tab-title .elementor-toggle-icon.elementor-toggle-icon-right{float:right;text-align:right}.elementor-toggle .elementor-tab-title .elementor-toggle-icon.elementor-toggle-icon-left{float:left;text-align:left}.elementor-toggle .elementor-tab-title .elementor-toggle-icon .elementor-toggle-icon-closed{display:block}.elementor-toggle .elementor-tab-title .elementor-toggle-icon .elementor-toggle-icon-opened{display:none}.elementor-toggle .elementor-tab-title.elementor-active{border-bottom:none}.elementor-toggle .elementor-tab-title.elementor-active .elementor-toggle-icon-closed{display:none}.elementor-toggle .elementor-tab-title.elementor-active .elementor-toggle-icon-opened{display:block}.elementor-toggle .elementor-tab-content{padding:15px;border-bottom:1px solid #d5d8dc;display:none}@media (max-width:767px){.elementor-toggle .elementor-tab-title{padding:12px}.elementor-toggle .elementor-tab-content{padding:12px 10px}}.e-con-inner>.elementor-widget-toggle,.e-con>.elementor-widget-toggle{width:var(--container-widget-width);--flex-grow:var(--container-widget-flex-grow)}<\/style>\t\t<div class=\"elementor-toggle\">\n\t\t\t\t\t\t\t<div class=\"elementor-toggle-item\">\n\t\t\t\t\t<div id=\"elementor-tab-title-1401\" class=\"elementor-tab-title\" data-tab=\"1\" role=\"button\" aria-controls=\"elementor-tab-content-1401\" aria-expanded=\"false\">\n\t\t\t\t\t\t\t\t\t\t\t\t<span class=\"elementor-toggle-icon elementor-toggle-icon-left\" aria-hidden=\"true\">\n\t\t\t\t\t\t\t\t\t\t\t\t\t\t\t<span class=\"elementor-toggle-icon-closed\"><i class=\"fas fa-caret-right\"><\/i><\/span>\n\t\t\t\t\t\t\t\t<span class=\"elementor-toggle-icon-opened\"><i class=\"elementor-toggle-icon-opened fas fa-caret-up\"><\/i><\/span>\n\t\t\t\t\t\t\t\t\t\t\t\t\t<\/span>\n\t\t\t\t\t\t\t\t\t\t\t\t<a class=\"elementor-toggle-title\" tabindex=\"0\">Arrival by car<\/a>\n\t\t\t\t\t<\/div>\n\n\t\t\t\t\t<div id=\"elementor-tab-content-1401\" class=\"elementor-tab-content elementor-clearfix\" data-tab=\"1\" role=\"region\" aria-labelledby=\"elementor-tab-title-1401\"><p><strong>From the west:<\/strong> Leave the A5 freeway at the Westkreuz Frankfurt exit and then take the A 648 towards Frankfurt-Stadtmitte. Follow the signs to Stadtmitte until you reach the Messeturm parking garage. After the Messeturm and the Festhalle Frankfurt, turn right directly to Platz der Einheit. Then turn left into Osloer Stra\u00dfe and take the next left into Hohenstaufenstra\u00dfe. You have now reached your destination on the left-hand side.<\/p>\n<p><strong>From the south\/airport:<\/strong> First take the A5 and then change to the A648 at the Westkreuz junction. Follow the signs to the city center on Theodor-Heuss-Allee and turn right to Platz der Einheit. Then turn left into Osloer Stra\u00dfe and take the next left into Hohenstaufenstra\u00dfe. You have now reached your destination on the left-hand side.<\/p>\n<p><strong>From the east:<\/strong> Follow the B8\/Hanauer Landstra\u00dfe until you reach Sonnenmannstra\u00dfe at Ostbahnhof. Then follow the road towards the city center and turn right at Untermainkai onto Neue Mainzer Stra\u00dfe. Stay left in the direction of Taunustor and turn right at Taunusanlage. At Mainzer Landstra\u00dfe, turn left onto Osloer Stra\u00dfe, then immediately left onto Hohenstaufenstra\u00dfe. Your destination is on the left.<\/p>\n<p><strong>Coming from the north:<\/strong> Leave the A5 at the Westkreuz Frankfurt exit and follow the A 648 towards Frankfurt-Stadtmitte. Follow the signs to Stadtmitte on Theodor-Heuss-Allee and turn right to Platz der Einheit. Then turn left into Osloer Stra\u00dfe and take the next left into Hohenstaufenstra\u00dfe. You have now reached your destination on the left-hand side.<\/p>\n<\/div>\n\t\t\t\t<\/div>\n\t\t\t\t\t\t\t<div class=\"elementor-toggle-item\">\n\t\t\t\t\t<div id=\"elementor-tab-title-1402\" class=\"elementor-tab-title\" data-tab=\"2\" role=\"button\" aria-controls=\"elementor-tab-content-1402\" aria-expanded=\"false\">\n\t\t\t\t\t\t\t\t\t\t\t\t<span class=\"elementor-toggle-icon elementor-toggle-icon-left\" aria-hidden=\"true\">\n\t\t\t\t\t\t\t\t\t\t\t\t\t\t\t<span class=\"elementor-toggle-icon-closed\"><i class=\"fas fa-caret-right\"><\/i><\/span>\n\t\t\t\t\t\t\t\t<span class=\"elementor-toggle-icon-opened\"><i class=\"elementor-toggle-icon-opened fas fa-caret-up\"><\/i><\/span>\n\t\t\t\t\t\t\t\t\t\t\t\t\t<\/span>\n\t\t\t\t\t\t\t\t\t\t\t\t<a class=\"elementor-toggle-title\" tabindex=\"0\">By public transportation<\/a>\n\t\t\t\t\t<\/div>\n\n\t\t\t\t\t<div id=\"elementor-tab-content-1402\" class=\"elementor-tab-content elementor-clearfix\" data-tab=\"2\" role=\"region\" aria-labelledby=\"elementor-tab-title-1402\"><p>Take regional and long-distance trains to Frankfurt Central Station. From there you can reach us by one of the means of transportation listed below.<\/p>\n<p><strong>Streetcar lines 11<\/strong> and <strong>21<\/strong> run every few minutes in the direction of Frankfurt Nied or H\u00f6chst. Get off at the <strong>G\u00fcterplatz<\/strong> stop.<\/p>\n<p>Late at night, the night bus line <strong>n8<\/strong> also serves the <strong>G\u00fcterplatz<\/strong> stop.<\/p>\n<p>The hotel is just a few minutes&#8217; walk from the bus stop.<\/p>\n<\/div>\n\t\t\t\t<\/div>\n\t\t\t\t\t\t\t<div class=\"elementor-toggle-item\">\n\t\t\t\t\t<div id=\"elementor-tab-title-1403\" class=\"elementor-tab-title\" data-tab=\"3\" role=\"button\" aria-controls=\"elementor-tab-content-1403\" aria-expanded=\"false\">\n\t\t\t\t\t\t\t\t\t\t\t\t<span class=\"elementor-toggle-icon elementor-toggle-icon-left\" aria-hidden=\"true\">\n\t\t\t\t\t\t\t\t\t\t\t\t\t\t\t<span class=\"elementor-toggle-icon-closed\"><i class=\"fas fa-caret-right\"><\/i><\/span>\n\t\t\t\t\t\t\t\t<span class=\"elementor-toggle-icon-opened\"><i class=\"elementor-toggle-icon-opened fas fa-caret-up\"><\/i><\/span>\n\t\t\t\t\t\t\t\t\t\t\t\t\t<\/span>\n\t\t\t\t\t\t\t\t\t\t\t\t<a class=\"elementor-toggle-title\" tabindex=\"0\">By foot<\/a>\n\t\t\t\t\t<\/div>\n\n\t\t\t\t\t<div id=\"elementor-tab-content-1403\" class=\"elementor-tab-content elementor-clearfix\" data-tab=\"3\" role=\"region\" aria-labelledby=\"elementor-tab-title-1403\"><p>You can reach the Skyline Hotel Frankfurt on foot from the main train station in about 10 minutes. Leave the main station at the north exit (in the direction of Messe) and turn left into Poststra\u00dfe. Turn right into Ludwigstra\u00dfe. Turn left at the Ludwigstra\u00dfe\/Mainzer Landstra\u00dfe junction and walk along Mainzer Landstra\u00dfe until you turn right into the street &#8220;G\u00fcterplatz&#8221;. You will see the hotel on the opposite side of the street.<\/p>\n<\/div>\n\t\t\t\t<\/div>\n\t\t\t\t\t\t\t<div class=\"elementor-toggle-item\">\n\t\t\t\t\t<div id=\"elementor-tab-title-1404\" class=\"elementor-tab-title\" data-tab=\"4\" role=\"button\" aria-controls=\"elementor-tab-content-1404\" aria-expanded=\"false\">\n\t\t\t\t\t\t\t\t\t\t\t\t<span class=\"elementor-toggle-icon elementor-toggle-icon-left\" aria-hidden=\"true\">\n\t\t\t\t\t\t\t\t\t\t\t\t\t\t\t<span class=\"elementor-toggle-icon-closed\"><i class=\"fas fa-caret-right\"><\/i><\/span>\n\t\t\t\t\t\t\t\t<span class=\"elementor-toggle-icon-opened\"><i class=\"elementor-toggle-icon-opened fas fa-caret-up\"><\/i><\/span>\n\t\t\t\t\t\t\t\t\t\t\t\t\t<\/span>\n\t\t\t\t\t\t\t\t\t\t\t\t<a class=\"elementor-toggle-title\" tabindex=\"0\">By cab <\/a>\n\t\t\t\t\t<\/div>\n\n\t\t\t\t\t<div id=\"elementor-tab-content-1404\" class=\"elementor-tab-content elementor-clearfix\" data-tab=\"4\" role=\"region\" aria-labelledby=\"elementor-tab-title-1404\"><p>You will find a sufficient number of cabs in front of the main station\/at the airport. Your destination address: Hohenstaufenstra\u00dfe 1-3<\/p>\n<\/div>\n\t\t\t\t<\/div>\n\t\t\t\t\t\t\t\t<\/div>\n\t\t\t\t<\/div>\n\t\t\t\t<\/div>\n\t\t\t\t\t<\/div>\n\t\t<\/div>\n\t\t\t\t\t<\/div>\n\t\t<\/section>\n\t\t\t\t<section class=\"elementor-section elementor-top-section elementor-element elementor-element-9c5c498 elementor-section-stretched elementor-section-boxed elementor-section-height-default elementor-section-height-default\" data-id=\"9c5c498\" data-element_type=\"section\" data-settings=\"{&quot;stretch_section&quot;:&quot;section-stretched&quot;,&quot;background_background&quot;:&quot;classic&quot;}\">\n\t\t\t\t\t\t<div class=\"elementor-container elementor-column-gap-default\">\n\t\t\t\t\t<div class=\"elementor-column elementor-col-100 elementor-top-column elementor-element elementor-element-974f215\" data-id=\"974f215\" data-element_type=\"column\">\n\t\t\t<div class=\"elementor-widget-wrap elementor-element-populated\">\n\t\t\t\t\t\t<div class=\"elementor-element elementor-element-477511f elementor-widget elementor-widget-heading\" data-id=\"477511f\" data-element_type=\"widget\" data-widget_type=\"heading.default\">\n\t\t\t\t<div class=\"elementor-widget-container\">\n\t\t\t<h3 class=\"elementor-heading-title elementor-size-default\">LOCATION & DIRECTIONS<\/h3>\t\t<\/div>\n\t\t\t\t<\/div>\n\t\t\t\t<div class=\"elementor-element elementor-element-836e021 elementor-widget elementor-widget-heading\" data-id=\"836e021\" data-element_type=\"widget\" data-widget_type=\"heading.default\">\n\t\t\t\t<div class=\"elementor-widget-container\">\n\t\t\t<h3 class=\"elementor-heading-title elementor-size-default\">Parking facilities<\/h3>\t\t<\/div>\n\t\t\t\t<\/div>\n\t\t\t\t<section class=\"elementor-section elementor-inner-section elementor-element elementor-element-37f6738 elementor-section-full_width elementor-section-height-default elementor-section-height-default\" data-id=\"37f6738\" data-element_type=\"section\">\n\t\t\t\t\t\t<div class=\"elementor-container elementor-column-gap-default\">\n\t\t\t\t\t<div class=\"elementor-column elementor-col-100 elementor-inner-column elementor-element elementor-element-a5a728e\" data-id=\"a5a728e\" data-element_type=\"column\">\n\t\t\t<div class=\"elementor-widget-wrap elementor-element-populated\">\n\t\t\t\t\t\t<div class=\"elementor-element elementor-element-38875da elementor-widget elementor-widget-text-editor\" data-id=\"38875da\" data-element_type=\"widget\" data-widget_type=\"text-editor.default\">\n\t\t\t\t<div class=\"elementor-widget-container\">\n\t\t\t\t\t\t\t<p>Our hotel does not have its own parking spaces directly at the hotel.<\/p><p>We can offer you 5 discounted parking spaces for the Skyline Plaza shopping center (approx. 4 minutes&#8217; walk from the hotel):<\/p><p>Parking fee: 25,00 \u20ac per night (regular 34,00 \u20ac per night)<\/p><p>Allocation is subject to <u>availability<\/u> on arrival.<\/p><p>To be able to use this, pick up a parking card at our hotel before entering the parking garage.<\/p><p>You can keep this for use during your stay.<\/p><p>The card must be returned to the hotel when you finally leave the parking garage.<\/p><p>Our colleagues at reception will be happy to answer any questions you may have.<\/p>\t\t\t\t\t\t<\/div>\n\t\t\t\t<\/div>\n\t\t\t\t\t<\/div>\n\t\t<\/div>\n\t\t\t\t\t<\/div>\n\t\t<\/section>\n\t\t\t\t\t<\/div>\n\t\t<\/div>\n\t\t\t\t\t<\/div>\n\t\t<\/section>\n\t\t\t\t<\/div>\n\t\t","protected":false},"excerpt":{"rendered":"<p>Location &#038; Directions LOCATION &#038; DIRECTIONS Central location for trade fair guests &#038; Frankfurt visitors Our hotel is located in the immediate vicinity of the Frankfurt Trade Fair and the Skyline Plaza shopping mall. The entrance to the trade fair is just 500 meters away on foot, and Frankfurt Central Station is 750 meters away. [&hellip;]<\/p>\n","protected":false},"author":2,"featured_media":0,"parent":0,"menu_order":0,"comment_status":"closed","ping_status":"closed","template":"","meta":{"footnotes":""},"class_list":["post-8523","page","type-page","status-publish","hentry"],"yoast_head":"\n<title>Location &amp; Directions - Skyline Hotel<\/title>\n<meta name=\"robots\" content=\"noindex, follow, max-snippet:-1, max-image-preview:large, max-video-preview:-1\" \/>\n<meta property=\"og:locale\" content=\"en_US\" \/>\n<meta property=\"og:type\" content=\"article\" \/>\n<meta property=\"og:title\" content=\"Location &amp; Directions - Skyline Hotel\" \/>\n<meta property=\"og:description\" content=\"Location &#038; Directions LOCATION &#038; DIRECTIONS Central location for trade fair guests &#038; Frankfurt visitors Our hotel is located in the immediate vicinity of the Frankfurt Trade Fair and the Skyline Plaza shopping mall. The entrance to the trade fair is just 500 meters away on foot, and Frankfurt Central Station is 750 meters away. [&hellip;]\" \/>\n<meta property=\"og:url\" content=\"https:\/\/skylinehotel.de\/en\/location-and-directions\/\" \/>\n<meta property=\"og:site_name\" content=\"Skyline Hotel\" \/>\n<meta property=\"article:modified_time\" content=\"2024-01-16T13:05:45+00:00\" \/>\n<meta name=\"twitter:card\" content=\"summary_large_image\" \/>\n<meta name=\"twitter:label1\" content=\"Est. reading time\" \/>\n\t<meta name=\"twitter:data1\" content=\"3 minutes\" \/>\n<script type=\"application\/ld+json\" class=\"yoast-schema-graph\">{\"@context\":\"https:\/\/schema.org\",\"@graph\":[{\"@type\":\"WebPage\",\"@id\":\"https:\/\/skylinehotel.de\/en\/location-and-directions\/\",\"url\":\"https:\/\/skylinehotel.de\/en\/location-and-directions\/\",\"name\":\"Location & Directions - Skyline Hotel\",\"isPartOf\":{\"@id\":\"https:\/\/skylinehotel.de\/#website\"},\"datePublished\":\"2021-05-10T07:57:34+00:00\",\"dateModified\":\"2024-01-16T13:05:45+00:00\",\"breadcrumb\":{\"@id\":\"https:\/\/skylinehotel.de\/en\/location-and-directions\/#breadcrumb\"},\"inLanguage\":\"en-US\",\"potentialAction\":[{\"@type\":\"ReadAction\",\"target\":[\"https:\/\/skylinehotel.de\/en\/location-and-directions\/\"]}]},{\"@type\":\"BreadcrumbList\",\"@id\":\"https:\/\/skylinehotel.de\/en\/location-and-directions\/#breadcrumb\",\"itemListElement\":[{\"@type\":\"ListItem\",\"position\":1,\"name\":\"Startseite\",\"item\":\"https:\/\/skylinehotel.de\/\"},{\"@type\":\"ListItem\",\"position\":2,\"name\":\"Location &#038; Directions\"}]},{\"@type\":\"WebSite\",\"@id\":\"https:\/\/skylinehotel.de\/#website\",\"url\":\"https:\/\/skylinehotel.de\/\",\"name\":\"Skyline Hotel\",\"description\":\"Hotel Frankfurt\",\"potentialAction\":[{\"@type\":\"SearchAction\",\"target\":{\"@type\":\"EntryPoint\",\"urlTemplate\":\"https:\/\/skylinehotel.de\/?s={search_term_string}\"},\"query-input\":\"required name=search_term_string\"}],\"inLanguage\":\"en-US\"}]}<\/script>\n","yoast_head_json":{"title":"Location & Directions - Skyline Hotel","robots":{"index":"noindex","follow":"follow","max-snippet":"max-snippet:-1","max-image-preview":"max-image-preview:large","max-video-preview":"max-video-preview:-1"},"og_locale":"en_US","og_type":"article","og_title":"Location & Directions - Skyline Hotel","og_description":"Location &#038; Directions LOCATION &#038; DIRECTIONS Central location for trade fair guests &#038; Frankfurt visitors Our hotel is located in the immediate vicinity of the Frankfurt Trade Fair and the Skyline Plaza shopping mall. The entrance to the trade fair is just 500 meters away on foot, and Frankfurt Central Station is 750 meters away. [&hellip;]","og_url":"https:\/\/skylinehotel.de\/en\/location-and-directions\/","og_site_name":"Skyline Hotel","article_modified_time":"2024-01-16T13:05:45+00:00","twitter_card":"summary_large_image","twitter_misc":{"Est. reading time":"3 minutes"},"schema":{"@context":"https:\/\/schema.org","@graph":[{"@type":"WebPage","@id":"https:\/\/skylinehotel.de\/en\/location-and-directions\/","url":"https:\/\/skylinehotel.de\/en\/location-and-directions\/","name":"Location & Directions - Skyline Hotel","isPartOf":{"@id":"https:\/\/skylinehotel.de\/#website"},"datePublished":"2021-05-10T07:57:34+00:00","dateModified":"2024-01-16T13:05:45+00:00","breadcrumb":{"@id":"https:\/\/skylinehotel.de\/en\/location-and-directions\/#breadcrumb"},"inLanguage":"en-US","potentialAction":[{"@type":"ReadAction","target":["https:\/\/skylinehotel.de\/en\/location-and-directions\/"]}]},{"@type":"BreadcrumbList","@id":"https:\/\/skylinehotel.de\/en\/location-and-directions\/#breadcrumb","itemListElement":[{"@type":"ListItem","position":1,"name":"Startseite","item":"https:\/\/skylinehotel.de\/"},{"@type":"ListItem","position":2,"name":"Location &#038; Directions"}]},{"@type":"WebSite","@id":"https:\/\/skylinehotel.de\/#website","url":"https:\/\/skylinehotel.de\/","name":"Skyline Hotel","description":"Hotel Frankfurt","potentialAction":[{"@type":"SearchAction","target":{"@type":"EntryPoint","urlTemplate":"https:\/\/skylinehotel.de\/?s={search_term_string}"},"query-input":"required name=search_term_string"}],"inLanguage":"en-US"}]}},"_links":{"self":[{"href":"https:\/\/skylinehotel.de\/en\/wp-json\/wp\/v2\/pages\/8523","targetHints":{"allow":["GET"]}}],"collection":[{"href":"https:\/\/skylinehotel.de\/en\/wp-json\/wp\/v2\/pages"}],"about":[{"href":"https:\/\/skylinehotel.de\/en\/wp-json\/wp\/v2\/types\/page"}],"author":[{"embeddable":true,"href":"https:\/\/skylinehotel.de\/en\/wp-json\/wp\/v2\/users\/2"}],"replies":[{"embeddable":true,"href":"https:\/\/skylinehotel.de\/en\/wp-json\/wp\/v2\/comments?post=8523"}],"version-history":[{"count":23,"href":"https:\/\/skylinehotel.de\/en\/wp-json\/wp\/v2\/pages\/8523\/revisions"}],"predecessor-version":[{"id":9662,"href":"https:\/\/skylinehotel.de\/en\/wp-json\/wp\/v2\/pages\/8523\/revisions\/9662"}],"wp:attachment":[{"href":"https:\/\/skylinehotel.de\/en\/wp-json\/wp\/v2\/media?parent=8523"}],"curies":[{"name":"wp","href":"https:\/\/api.w.org\/{rel}","templated":true}]}}